{"id":1774,"date":"2026-04-21T15:46:03","date_gmt":"2026-04-21T15:46:03","guid":{"rendered":"https:\/\/knyslius.shared.town\/ekatalogas\/?post_type=product&#038;p=1774"},"modified":"2026-04-21T15:46:03","modified_gmt":"2026-04-21T15:46:03","slug":"pakopiniu-graztu-komplektas-3-vnt-4-32mm-hogert-ht6d325","status":"publish","type":"product","link":"https:\/\/knyslius.shared.town\/ekatalogas\/product\/pakopiniu-graztu-komplektas-3-vnt-4-32mm-hogert-ht6d325\/","title":{"rendered":"Pakopini\u0173 gr\u0105\u017et\u0173 komplektas 3 vnt. 4-32mm Hogert HT6D325"},"content":{"rendered":"","protected":false},"excerpt":{"rendered":"","protected":false},"featured_media":1775,"template":"","meta":{"_kadence_starter_templates_imported_post":false,"_kad_post_transparent":"default","_kad_post_title":"","_kad_post_layout":"default","_kad_post_sidebar_id":"","_kad_post_content_style":"default","_kad_post_vertical_padding":"default","_kad_post_feature":"","_kad_post_feature_position":"","_kad_post_header":false,"_kad_post_footer":false,"_kad_post_classname":""},"product_brand":[],"product_cat":[47],"product_tag":[],"class_list":{"0":"post-1774","1":"product","2":"type-product","3":"status-publish","4":"has-post-thumbnail","6":"product_cat-graztai","8":"first","9":"instock","10":"shipping-taxable","11":"product-type-simple","12":"entry","13":"content-bg","14":"loop-entry"},"_links":{"self":[{"href":"https:\/\/knyslius.shared.town\/ekatalogas\/wp-json\/wp\/v2\/product\/1774","targetHints":{"allow":["GET"]}}],"collection":[{"href":"https:\/\/knyslius.shared.town\/ekatalogas\/wp-json\/wp\/v2\/product"}],"about":[{"href":"https:\/\/knyslius.shared.town\/ekatalogas\/wp-json\/wp\/v2\/types\/product"}],"wp:featuredmedia":[{"embeddable":true,"href":"https:\/\/knyslius.shared.town\/ekatalogas\/wp-json\/wp\/v2\/media\/1775"}],"wp:attachment":[{"href":"https:\/\/knyslius.shared.town\/ekatalogas\/wp-json\/wp\/v2\/media?parent=1774"}],"wp:term":[{"taxonomy":"product_brand","embeddable":true,"href":"https:\/\/knyslius.shared.town\/ekatalogas\/wp-json\/wp\/v2\/product_brand?post=1774"},{"taxonomy":"product_cat","embeddable":true,"href":"https:\/\/knyslius.shared.town\/ekatalogas\/wp-json\/wp\/v2\/product_cat?post=1774"},{"taxonomy":"product_tag","embeddable":true,"href":"https:\/\/knyslius.shared.town\/ekatalogas\/wp-json\/wp\/v2\/product_tag?post=1774"}],"curies":[{"name":"wp","href":"https:\/\/api.w.org\/{rel}","templated":true}]}}