{"id":1708,"date":"2026-04-16T13:41:19","date_gmt":"2026-04-16T13:41:19","guid":{"rendered":"https:\/\/knyslius.shared.town\/ekatalogas\/?post_type=product&#038;p=1708"},"modified":"2026-04-16T13:41:19","modified_gmt":"2026-04-16T13:41:19","slug":"virstinkine-dezute-341x291x128mm-ip66-nsytbs342912","status":"publish","type":"product","link":"https:\/\/knyslius.shared.town\/ekatalogas\/product\/virstinkine-dezute-341x291x128mm-ip66-nsytbs342912\/","title":{"rendered":"Vir\u0161tinkin\u0117 d\u0117\u017eut\u0117 341x291x128mm IP66 NSYTBS342912"},"content":{"rendered":"","protected":false},"excerpt":{"rendered":"","protected":false},"featured_media":1709,"template":"","meta":{"_kadence_starter_templates_imported_post":false,"_kad_post_transparent":"default","_kad_post_title":"","_kad_post_layout":"default","_kad_post_sidebar_id":"","_kad_post_content_style":"default","_kad_post_vertical_padding":"default","_kad_post_feature":"","_kad_post_feature_position":"","_kad_post_header":false,"_kad_post_footer":false,"_kad_post_classname":""},"product_brand":[],"product_cat":[43],"product_tag":[],"class_list":{"0":"post-1708","1":"product","2":"type-product","3":"status-publish","4":"has-post-thumbnail","6":"product_cat-virstinkines-dezutes","8":"first","9":"instock","10":"shipping-taxable","11":"product-type-simple","12":"entry","13":"content-bg","14":"loop-entry"},"_links":{"self":[{"href":"https:\/\/knyslius.shared.town\/ekatalogas\/wp-json\/wp\/v2\/product\/1708","targetHints":{"allow":["GET"]}}],"collection":[{"href":"https:\/\/knyslius.shared.town\/ekatalogas\/wp-json\/wp\/v2\/product"}],"about":[{"href":"https:\/\/knyslius.shared.town\/ekatalogas\/wp-json\/wp\/v2\/types\/product"}],"wp:featuredmedia":[{"embeddable":true,"href":"https:\/\/knyslius.shared.town\/ekatalogas\/wp-json\/wp\/v2\/media\/1709"}],"wp:attachment":[{"href":"https:\/\/knyslius.shared.town\/ekatalogas\/wp-json\/wp\/v2\/media?parent=1708"}],"wp:term":[{"taxonomy":"product_brand","embeddable":true,"href":"https:\/\/knyslius.shared.town\/ekatalogas\/wp-json\/wp\/v2\/product_brand?post=1708"},{"taxonomy":"product_cat","embeddable":true,"href":"https:\/\/knyslius.shared.town\/ekatalogas\/wp-json\/wp\/v2\/product_cat?post=1708"},{"taxonomy":"product_tag","embeddable":true,"href":"https:\/\/knyslius.shared.town\/ekatalogas\/wp-json\/wp\/v2\/product_tag?post=1708"}],"curies":[{"name":"wp","href":"https:\/\/api.w.org\/{rel}","templated":true}]}}