{"id":1664,"date":"2026-04-13T17:17:35","date_gmt":"2026-04-13T17:17:35","guid":{"rendered":"https:\/\/knyslius.shared.town\/ekatalogas\/?post_type=product&#038;p=1664"},"modified":"2026-04-13T17:17:35","modified_gmt":"2026-04-13T17:17:35","slug":"potinkinis-jungiklis-dvieju-klavisu-antracito-spalva-sedna-design-ssdd114105","status":"publish","type":"product","link":"https:\/\/knyslius.shared.town\/ekatalogas\/product\/potinkinis-jungiklis-dvieju-klavisu-antracito-spalva-sedna-design-ssdd114105\/","title":{"rendered":"Potinkinis jungiklis, dviej\u0173 klavi\u0161\u0173, antracito spalva, Sedna Design SSDD114105"},"content":{"rendered":"","protected":false},"excerpt":{"rendered":"","protected":false},"featured_media":1665,"template":"","meta":{"_kadence_starter_templates_imported_post":false,"_kad_post_transparent":"default","_kad_post_title":"","_kad_post_layout":"default","_kad_post_sidebar_id":"","_kad_post_content_style":"default","_kad_post_vertical_padding":"default","_kad_post_feature":"","_kad_post_feature_position":"","_kad_post_header":false,"_kad_post_footer":false,"_kad_post_classname":""},"product_brand":[],"product_cat":[40],"product_tag":[],"class_list":{"0":"post-1664","1":"product","2":"type-product","3":"status-publish","4":"has-post-thumbnail","6":"product_cat-potinkiniai-jungikliai-sedna","8":"first","9":"instock","10":"shipping-taxable","11":"product-type-simple","12":"entry","13":"content-bg","14":"loop-entry"},"_links":{"self":[{"href":"https:\/\/knyslius.shared.town\/ekatalogas\/wp-json\/wp\/v2\/product\/1664","targetHints":{"allow":["GET"]}}],"collection":[{"href":"https:\/\/knyslius.shared.town\/ekatalogas\/wp-json\/wp\/v2\/product"}],"about":[{"href":"https:\/\/knyslius.shared.town\/ekatalogas\/wp-json\/wp\/v2\/types\/product"}],"wp:featuredmedia":[{"embeddable":true,"href":"https:\/\/knyslius.shared.town\/ekatalogas\/wp-json\/wp\/v2\/media\/1665"}],"wp:attachment":[{"href":"https:\/\/knyslius.shared.town\/ekatalogas\/wp-json\/wp\/v2\/media?parent=1664"}],"wp:term":[{"taxonomy":"product_brand","embeddable":true,"href":"https:\/\/knyslius.shared.town\/ekatalogas\/wp-json\/wp\/v2\/product_brand?post=1664"},{"taxonomy":"product_cat","embeddable":true,"href":"https:\/\/knyslius.shared.town\/ekatalogas\/wp-json\/wp\/v2\/product_cat?post=1664"},{"taxonomy":"product_tag","embeddable":true,"href":"https:\/\/knyslius.shared.town\/ekatalogas\/wp-json\/wp\/v2\/product_tag?post=1664"}],"curies":[{"name":"wp","href":"https:\/\/api.w.org\/{rel}","templated":true}]}}