{"id":1632,"date":"2026-04-13T15:28:52","date_gmt":"2026-04-13T15:28:52","guid":{"rendered":"https:\/\/knyslius.shared.town\/ekatalogas\/?post_type=product&#038;p=1632"},"modified":"2026-04-13T15:45:33","modified_gmt":"2026-04-13T15:45:33","slug":"potinkinis-kistukinis-lizdas-su-izeminimu-baltas-su-izeminimuvarztiniai-gnybtai-sedna-designs-sdd111021","status":"publish","type":"product","link":"https:\/\/knyslius.shared.town\/ekatalogas\/product\/potinkinis-kistukinis-lizdas-su-izeminimu-baltas-su-izeminimuvarztiniai-gnybtai-sedna-designs-sdd111021\/","title":{"rendered":"Potinkinis ki\u0161tukinis lizdas su \u012f\u017eeminimu, baltas, var\u017etiniai gnybtai, IP20, Sedna Design SDD111021"},"content":{"rendered":"","protected":false},"excerpt":{"rendered":"","protected":false},"featured_media":1633,"template":"","meta":{"_kadence_starter_templates_imported_post":false,"_kad_post_transparent":"default","_kad_post_title":"","_kad_post_layout":"default","_kad_post_sidebar_id":"","_kad_post_content_style":"default","_kad_post_vertical_padding":"default","_kad_post_feature":"","_kad_post_feature_position":"","_kad_post_header":false,"_kad_post_footer":false,"_kad_post_classname":""},"product_brand":[],"product_cat":[39],"product_tag":[],"class_list":{"0":"post-1632","1":"product","2":"type-product","3":"status-publish","4":"has-post-thumbnail","6":"product_cat-potinkiniai-lizdai-sedna","8":"first","9":"instock","10":"shipping-taxable","11":"product-type-simple","12":"entry","13":"content-bg","14":"loop-entry"},"_links":{"self":[{"href":"https:\/\/knyslius.shared.town\/ekatalogas\/wp-json\/wp\/v2\/product\/1632","targetHints":{"allow":["GET"]}}],"collection":[{"href":"https:\/\/knyslius.shared.town\/ekatalogas\/wp-json\/wp\/v2\/product"}],"about":[{"href":"https:\/\/knyslius.shared.town\/ekatalogas\/wp-json\/wp\/v2\/types\/product"}],"wp:featuredmedia":[{"embeddable":true,"href":"https:\/\/knyslius.shared.town\/ekatalogas\/wp-json\/wp\/v2\/media\/1633"}],"wp:attachment":[{"href":"https:\/\/knyslius.shared.town\/ekatalogas\/wp-json\/wp\/v2\/media?parent=1632"}],"wp:term":[{"taxonomy":"product_brand","embeddable":true,"href":"https:\/\/knyslius.shared.town\/ekatalogas\/wp-json\/wp\/v2\/product_brand?post=1632"},{"taxonomy":"product_cat","embeddable":true,"href":"https:\/\/knyslius.shared.town\/ekatalogas\/wp-json\/wp\/v2\/product_cat?post=1632"},{"taxonomy":"product_tag","embeddable":true,"href":"https:\/\/knyslius.shared.town\/ekatalogas\/wp-json\/wp\/v2\/product_tag?post=1632"}],"curies":[{"name":"wp","href":"https:\/\/api.w.org\/{rel}","templated":true}]}}